{"id":264,"date":"2020-07-27T11:49:14","date_gmt":"2020-07-27T15:49:14","guid":{"rendered":"http:\/\/timiskamingchildcare.ca\/programmes\/resource-centre-toy-lending-library\/"},"modified":"2022-03-31T20:01:08","modified_gmt":"2022-04-01T00:01:08","slug":"centre-de-ressources-et-joujoutheque","status":"publish","type":"page","link":"https:\/\/www.timiskamingchildcare.ca\/fr\/programmes\/centre-de-ressources-et-joujoutheque\/","title":{"rendered":"Centre de ressources et joujouth\u00e8que"},"content":{"rendered":"\n<p>Le Centre de ressources pour les professionnels et les parents et la biblioth\u00e8que de pr\u00eat de jouets offrent une grande vari\u00e9t\u00e9 de ressources \u00e0 pr\u00eater aux familles, aux pourvoyeurs de soins, aux professionnels et aux animateurs. Le centre offre des aides \u00e0 la garde d\u2019enfants divertissantes, \u00e9ducatives et p\u00e9dagogiques telles que des CD, des DVD, des livres, des jeux, des casse-t\u00eates, des jouets et de l\u2019\u00e9quipement.<br><br>Notre biblioth\u00e8que de livres traite de nombreux sujets en fran\u00e7ais, en anglais et en langue autochtone, notamment des histoires, de l\u2019aide aux parents, des enfants ayant des besoins particuliers, de l\u2019am\u00e9lioration personnelle et des activit\u00e9s amusantes \u00e0 faire avec vos enfants. Nous avons des jouets de jeu, mais aussi des aides pour les motrices fines et grosses pour aider au d\u00e9veloppement de l\u2019enfant. De l\u2019\u00e9quipement que vous pouvez emprunter sont des chaises hautes des parcs ou des structures de jeux pour l\u2019ext\u00e9rieur telles que des maisons de jeux ou des grimpeurs.<\/p>\n","protected":false},"excerpt":{"rendered":"<p>Le Centre de ressources pour les professionnels et les parents et la biblioth\u00e8que de pr\u00eat de jouets offrent une grande&#8230;<\/p>\n","protected":false},"author":2,"featured_media":122,"parent":239,"menu_order":0,"comment_status":"closed","ping_status":"closed","template":"template-program.php","meta":{"_acf_changed":false,"footnotes":""},"class_list":["post-264","page","type-page","status-publish","has-post-thumbnail","hentry"],"acf":[],"_links":{"self":[{"href":"https:\/\/www.timiskamingchildcare.ca\/fr\/wp-json\/wp\/v2\/pages\/264","targetHints":{"allow":["GET"]}}],"collection":[{"href":"https:\/\/www.timiskamingchildcare.ca\/fr\/wp-json\/wp\/v2\/pages"}],"about":[{"href":"https:\/\/www.timiskamingchildcare.ca\/fr\/wp-json\/wp\/v2\/types\/page"}],"author":[{"embeddable":true,"href":"https:\/\/www.timiskamingchildcare.ca\/fr\/wp-json\/wp\/v2\/users\/2"}],"replies":[{"embeddable":true,"href":"https:\/\/www.timiskamingchildcare.ca\/fr\/wp-json\/wp\/v2\/comments?post=264"}],"version-history":[{"count":0,"href":"https:\/\/www.timiskamingchildcare.ca\/fr\/wp-json\/wp\/v2\/pages\/264\/revisions"}],"up":[{"embeddable":true,"href":"https:\/\/www.timiskamingchildcare.ca\/fr\/wp-json\/wp\/v2\/pages\/239"}],"wp:featuredmedia":[{"embeddable":true,"href":"https:\/\/www.timiskamingchildcare.ca\/fr\/wp-json\/wp\/v2\/media\/122"}],"wp:attachment":[{"href":"https:\/\/www.timiskamingchildcare.ca\/fr\/wp-json\/wp\/v2\/media?parent=264"}],"curies":[{"name":"wp","href":"https:\/\/api.w.org\/{rel}","templated":true}]}}