{"id":259,"date":"2020-07-27T16:46:49","date_gmt":"2020-07-27T20:46:49","guid":{"rendered":"http:\/\/timiskamingchildcare.ca\/?page_id=259"},"modified":"2025-09-24T15:42:38","modified_gmt":"2025-09-24T19:42:38","slug":"garde-denfants-a-domicile-agree","status":"publish","type":"page","link":"https:\/\/www.timiskamingchildcare.ca\/fr\/programmes\/garde-denfants-a-domicile-agree\/","title":{"rendered":"Garde d\u2019enfants \u00e0 domicile agr\u00e9\u00e9"},"content":{"rendered":"\n<p>Les services de Garde \u00e0 domicile agr\u00e9\u00e9s sont offerts dans une atmosph\u00e8re familiale stimulante et chaleureuse. Les groupes d\u2019\u00e2ge mixte refl\u00e8tent la vie familiale, aidant un enfant \u00e0 apprendre \u00e0 interagir avec des enfants de diff\u00e9rents \u00e2ges tout en favorisant la communication, le d\u00e9veloppement social, \u00e9motionnel, physique et intellectuel. Les services de Garde \u00e0 domicile sont l\u2019option pr\u00e9f\u00e9r\u00e9e par de nombreuses familles, car ils offrent beaucoup de flexibilit\u00e9 dans leurs arrangements en mati\u00e8re de garde d\u2019enfants et offrent un cadre familial chaleureux et stimulant.<br><br>Une aide financi\u00e8re pour les frais de garde d\u2019enfants peut \u00eatre offerte aux familles admissibles par le Conseil d\u2019administration des services sociaux du district de Timiskaming.<\/p>\n\n\n\n<p>Garde d\u2019enfants \u00e0 domicile :<\/p>\n\n\n\n<ul class=\"wp-block-list\">\n<li>Rencontre la Loi sur la garde d\u2019enfants et la petite enfance de l\u2019Ontario et ses r\u00e8glements.<\/li>\n\n\n\n<li>Est l\u2019objet d\u2019un d\u00e9pistage, d\u2019une formation, d\u2019une inspection et d\u2019une surveillance fait par la Consultante de garde d\u2019enfants \u00e0 domicile.<\/li>\n\n\n\n<li>Encourage les enfants \u00e0 d\u00e9velopper la confiance en autres et en soi et des amiti\u00e9s tout en explorant et en acqu\u00e9rant de nouvelles comp\u00e9tences.<\/li>\n\n\n\n<li>A un bas ratio entre enfants et pourvoyeuse, ce qui permet une plus grande attention personnelle et une plus grande r\u00e9activit\u00e9 de l\u2019enfant.<\/li>\n\n\n\n<li>Remplis une liste de contr\u00f4le des t\u00e2ches accomplies du d\u00e9veloppement pour chaque enfant.<\/li>\n\n\n\n<li>Est fond\u00e9 sur l\u2019apprentissage ax\u00e9 sur le jeu et l\u2019apprentissage \u00e9mergent.<\/li>\n\n\n\n<li>Utilise un document intitul\u00e9 Comment apprend-on? P\u00e9dagogique de l&rsquo;Ontario pour la petite enfance et les int\u00e9r\u00eats des enfants lors de la planification d\u2019activit\u00e9s de qualit\u00e9.<\/li>\n\n\n\n<li>Fournis des repas et des collations sains.<\/li>\n\n\n\n<li>Prends soin des enfants de 0 \u00e0 12 ans selon les ratios approuv\u00e9s<\/li>\n\n\n\n<li>A des horaires flexibles et des emplacements pratiques pour les soins \u00e0 temps plein et \u00e0 temps partiel, ce qui peut comprendre les soir\u00e9es, les nuits et les fins de semaine.<\/li>\n<\/ul>\n\n\n\n<div style=\"height:40px\" aria-hidden=\"true\" class=\"wp-block-spacer\"><\/div>\n\n\n\n<p class=\"has-medium-font-size\">Il peut y avoir des <strong>Pourvoyeuses<\/strong> travaillant avec notre agence qui ne sont pas list\u00e9es sur notre site Web. Si vous souhaitez obtenir les coordonn\u00e9es de ces personnes, veuillez communiquer avec Christine Charette Brazeau, Consultante de garde d\u2019enfants \u00e0 domicile, au <a href=\"tel:705-672-2100\" data-type=\"tel\" data-id=\"tel:705-672-2100\">705-672-2100<\/a>, poste 229.<\/p>\n\n\n\n<div style=\"height:40px\" aria-hidden=\"true\" class=\"wp-block-spacer\"><\/div>\n\n\n\n<h3 class=\"wp-block-heading\">Rester \u00e0 la maison et gagner un revenu.<\/h3>\n\n\n\n<p>Joignez-vous \u00e0 notre \u00e9quipe de pourvoyeuses de garde d\u2019enfants \u00e0 domicile agr\u00e9\u00e9s.<\/p>\n\n\n\n<div class=\"wp-block-buttons is-layout-flex wp-block-buttons-is-layout-flex\">\n<div class=\"wp-block-button\"><a class=\"wp-block-button__link wp-element-button\" href=\"https:\/\/forms.office.com\/Pages\/ResponsePage.aspx?id=ItsytpDz_kKNrCrNfGpPgTf1KSWpkWxOpXeMwqc3hTNUMUtKRU1XV1hEU0lTTjREUTJXM1E4UUFXRS4u\" target=\"_blank\" rel=\"noreferrer noopener\">appliquer<\/a><\/div>\n<\/div>\n\n\n<div class=\"wp-block-image\">\n<figure class=\"alignleft size-large\"><img loading=\"lazy\" decoding=\"async\" width=\"724\" height=\"1024\" src=\"https:\/\/www.timiskamingchildcare.ca\/wp-content\/uploads\/2025\/09\/Home-Child-Care-Providers-FR-2025-724x1024.png\" alt=\"\" class=\"wp-image-2141\" srcset=\"https:\/\/www.timiskamingchildcare.ca\/wp-content\/uploads\/2025\/09\/Home-Child-Care-Providers-FR-2025-724x1024.png 724w, https:\/\/www.timiskamingchildcare.ca\/wp-content\/uploads\/2025\/09\/Home-Child-Care-Providers-FR-2025-212x300.png 212w, https:\/\/www.timiskamingchildcare.ca\/wp-content\/uploads\/2025\/09\/Home-Child-Care-Providers-FR-2025-768x1086.png 768w, https:\/\/www.timiskamingchildcare.ca\/wp-content\/uploads\/2025\/09\/Home-Child-Care-Providers-FR-2025.png 794w\" sizes=\"auto, (max-width: 724px) 100vw, 724px\" \/><\/figure>\n<\/div>\n\n\n<div style=\"height:40px\" aria-hidden=\"true\" class=\"wp-block-spacer\"><\/div>\n","protected":false},"excerpt":{"rendered":"<p>Les services de Garde \u00e0 domicile agr\u00e9\u00e9s sont offerts dans une atmosph\u00e8re familiale stimulante et chaleureuse. Les groupes d\u2019\u00e2ge mixte&#8230;<\/p>\n","protected":false},"author":2,"featured_media":976,"parent":239,"menu_order":0,"comment_status":"closed","ping_status":"closed","template":"template-program.php","meta":{"_acf_changed":false,"footnotes":""},"class_list":["post-259","page","type-page","status-publish","has-post-thumbnail","hentry"],"acf":[],"_links":{"self":[{"href":"https:\/\/www.timiskamingchildcare.ca\/fr\/wp-json\/wp\/v2\/pages\/259","targetHints":{"allow":["GET"]}}],"collection":[{"href":"https:\/\/www.timiskamingchildcare.ca\/fr\/wp-json\/wp\/v2\/pages"}],"about":[{"href":"https:\/\/www.timiskamingchildcare.ca\/fr\/wp-json\/wp\/v2\/types\/page"}],"author":[{"embeddable":true,"href":"https:\/\/www.timiskamingchildcare.ca\/fr\/wp-json\/wp\/v2\/users\/2"}],"replies":[{"embeddable":true,"href":"https:\/\/www.timiskamingchildcare.ca\/fr\/wp-json\/wp\/v2\/comments?post=259"}],"version-history":[{"count":10,"href":"https:\/\/www.timiskamingchildcare.ca\/fr\/wp-json\/wp\/v2\/pages\/259\/revisions"}],"predecessor-version":[{"id":2147,"href":"https:\/\/www.timiskamingchildcare.ca\/fr\/wp-json\/wp\/v2\/pages\/259\/revisions\/2147"}],"up":[{"embeddable":true,"href":"https:\/\/www.timiskamingchildcare.ca\/fr\/wp-json\/wp\/v2\/pages\/239"}],"wp:featuredmedia":[{"embeddable":true,"href":"https:\/\/www.timiskamingchildcare.ca\/fr\/wp-json\/wp\/v2\/media\/976"}],"wp:attachment":[{"href":"https:\/\/www.timiskamingchildcare.ca\/fr\/wp-json\/wp\/v2\/media?parent=259"}],"curies":[{"name":"wp","href":"https:\/\/api.w.org\/{rel}","templated":true}]}}