{"id":252,"date":"2020-07-27T16:37:49","date_gmt":"2020-07-27T20:37:49","guid":{"rendered":"http:\/\/timiskamingchildcare.ca\/?page_id=252"},"modified":"2022-03-31T19:13:23","modified_gmt":"2022-03-31T23:13:23","slug":"earlyon-on-y-va-centre-pour-la-famille-et-lenfant","status":"publish","type":"page","link":"https:\/\/www.timiskamingchildcare.ca\/fr\/programmes\/earlyon-on-y-va-centre-pour-la-famille-et-lenfant\/","title":{"rendered":"EarlyON ON y va Centre pour l\u2019enfant et la famille"},"content":{"rendered":"\n<p>Les centres EarlyON ON y va Centre pour l\u2019enfant et la famille ont pour but d\u2019aider les enfants de 0 \u00e0 6 ans, ainsi que leurs parents et leurs gardiens, \u00e0 apprendre, \u00e0 grandir et \u00e0 \u00e9tablir des liens entre eux &#8211; ensemble.<br><br>Ils offrent des programmes gratuits dans les cultures anglaise, fran\u00e7aise et autochtone qui refl\u00e8tent le point de vue des enfants, des parents, des pourvoyeurs de soins et des \u00e9ducateurs comme \u00e9tant comp\u00e9tents, capables, curieux et riches en potentiel et en exp\u00e9rience.<br><br>Guid\u00e9 par <a rel=\"noreferrer noopener\" href=\"http:\/\/www.edu.gov.on.ca\/gardedenfants\/HowLearningHappensFr.pdf\" data-type=\"URL\" data-id=\"http:\/\/www.edu.gov.on.ca\/gardedenfants\/HowLearningHappensFr.pdf\" target=\"_blank\">Comment apprend-on?<\/a> P\u00e9dagogique de l&rsquo;Ontario pour la petite enfance, 2014 (HDLH), EarlyON ON y va Centre pour l\u2019enfant et la famille offre un environnement qui mobilise les parents et les pourvoyeurs de garde en tant que co-apprenants et leaders pour influencer des exp\u00e9riences et des r\u00e9sultats positifs pour les enfants, les familles et la communaut\u00e9.<br><br>EarlyON ON y va Centre pour l\u2019enfant et la famille, travaille collectivement au Timiskaming en collaboration avec Centre pour enfants Timiskaming Child Care, Keepers of the Circle et Centre de sant\u00e9 communautaire du Temiskaming. Gr\u00e2ce \u00e0 cette collaboration, ils partagent l\u2019objectif de cr\u00e9er un environnement de service ax\u00e9 sur l\u2019enfant et la famille qui soit \u00e0 la fois culturellement comp\u00e9tent et qui respecte les normes d\u2019excellence \u00e9tablies dans <a rel=\"noreferrer noopener\" href=\"http:\/\/www.edu.gov.on.ca\/gardedenfants\/HowLearningHappensFr.pdf\" data-type=\"URL\" data-id=\"http:\/\/www.edu.gov.on.ca\/gardedenfants\/HowLearningHappensFr.pdf\" target=\"_blank\">Comment apprend-on?<\/a> et \u00ab <a href=\"https:\/\/www.ontario.ca\/fr\/page\/cheminer-ensemble-rapport-detape-de-la-premiere-annee\" target=\"_blank\" rel=\"noreferrer noopener\"><em>Cheminer ensemble<\/em><\/a> \u00bb.<br><br>La Collaborative EarlyON ON y va croit que les parents\/gardiens devraient participer \u00e0 la planification des programmes et services EarlyON ON y va et a \u00e9tabli des conseils et un cercle de parents\/gardiens pour les parents et les gardiens francophones, autochtones et anglophones. Les conseils et le cercle, avec le personnel, aideront \u00e0 s\u2019assurer que les familles vivant \u00e0 travers la r\u00e9gion connaissent EarlyON ON y va et <strong>ont leur mot \u00e0 dire<\/strong> dans la programmation EarlyON ON y va.<\/p>\n\n\n\n<h3 class=\"wp-block-heading\">Programmation virtuelle<\/h3>\n\n\n<p>Nous continuons d\u2019offrir de la programmation virtuelle. Consultez <a href=\"https:\/\/www.keyon.ca\/fr\" target=\"_blank\" rel=\"noopener noreferrer\">KEyON<\/a> pour notre calendrier virtuel Timiskaming pour en savoir plus.<\/p>\n\n\n<h3 class=\"wp-block-heading\">Programmation ext\u00e9rieure<\/h3>\n\n\n<p>On continue avec la programmation ext\u00e9rieure \u00e0 travers le district. Allez \u00e0 notre <a href=\"https:\/\/www.facebook.com\/pages\/category\/Local-Service\/Earlyon-on-y-va-Timiskaming-101556524840817\/\" target=\"_blank\" rel=\"noopener noreferrer\">page Facebook<\/a> pour plus d\u2019informations.<\/p>\n\n\n<h3 class=\"wp-block-heading\">Programmation d\u2019int\u00e9rieur<\/h3>\n\n\n<p>Consultez <a href=\"https:\/\/www.keyon.ca\/fr\" target=\"_blank\" rel=\"noopener noreferrer\">KEyON<\/a> et notre <a href=\"https:\/\/www.facebook.com\/pages\/category\/Local-Service\/Earlyon-on-y-va-Timiskaming-101556524840817\/\" target=\"_blank\" rel=\"noopener noreferrer\">page Facebook<\/a> pour notre calendrier d\u2019activit\u00e9s des programmes d\u2019int\u00e9rieur \u00e0 diverses locations et plus d\u2019informations.<\/p>\n\n\n<figure class=\"wp-block-gallery columns-3 is-cropped wp-block-gallery-1 is-layout-flex wp-block-gallery-is-layout-flex\"><ul class=\"blocks-gallery-grid\"><li class=\"blocks-gallery-item\"><figure><img loading=\"lazy\" decoding=\"async\" width=\"720\" height=\"960\" src=\"http:\/\/timiskamingchildcare.ca\/wp-content\/uploads\/2020\/11\/Image.jpeg\" alt=\"\" data-id=\"1081\" data-full-url=\"http:\/\/timiskamingchildcare.ca\/wp-content\/uploads\/2020\/11\/Image.jpeg\" data-link=\"http:\/\/timiskamingchildcare.ca\/fr\/image-5\/\" class=\"wp-image-1081\" srcset=\"https:\/\/www.timiskamingchildcare.ca\/wp-content\/uploads\/2020\/11\/Image.jpeg 720w, https:\/\/www.timiskamingchildcare.ca\/wp-content\/uploads\/2020\/11\/Image-225x300.jpeg 225w\" sizes=\"auto, (max-width: 720px) 100vw, 720px\" \/><figcaption class=\"blocks-gallery-item__caption\">Nos petits amis qui font le geo-cachette.<\/figcaption><\/figure><\/li><li class=\"blocks-gallery-item\"><figure><img loading=\"lazy\" decoding=\"async\" width=\"576\" height=\"1024\" src=\"http:\/\/timiskamingchildcare.ca\/wp-content\/uploads\/2020\/11\/Image-1-576x1024.jpeg\" alt=\"\" data-id=\"1073\" data-full-url=\"http:\/\/timiskamingchildcare.ca\/wp-content\/uploads\/2020\/11\/Image-1.jpeg\" data-link=\"http:\/\/timiskamingchildcare.ca\/fr\/image-1-2\/\" class=\"wp-image-1073\" srcset=\"https:\/\/www.timiskamingchildcare.ca\/wp-content\/uploads\/2020\/11\/Image-1-576x1024.jpeg 576w, https:\/\/www.timiskamingchildcare.ca\/wp-content\/uploads\/2020\/11\/Image-1-169x300.jpeg 169w, https:\/\/www.timiskamingchildcare.ca\/wp-content\/uploads\/2020\/11\/Image-1.jpeg 750w\" sizes=\"auto, (max-width: 576px) 100vw, 576px\" \/><figcaption class=\"blocks-gallery-item__caption\">Notre petite amie a fabriqu\u00e9 un coquelicot avec sa trousse d\u2019activit\u00e9.<\/figcaption><\/figure><\/li><li class=\"blocks-gallery-item\"><figure><img loading=\"lazy\" decoding=\"async\" width=\"768\" height=\"1024\" src=\"http:\/\/timiskamingchildcare.ca\/wp-content\/uploads\/2020\/11\/Image-2-768x1024.jpeg\" alt=\"\" data-id=\"1075\" data-full-url=\"http:\/\/timiskamingchildcare.ca\/wp-content\/uploads\/2020\/11\/Image-2-scaled.jpeg\" data-link=\"http:\/\/timiskamingchildcare.ca\/fr\/image-2-2\/\" class=\"wp-image-1075\" srcset=\"https:\/\/www.timiskamingchildcare.ca\/wp-content\/uploads\/2020\/11\/Image-2-768x1024.jpeg 768w, https:\/\/www.timiskamingchildcare.ca\/wp-content\/uploads\/2020\/11\/Image-2-225x300.jpeg 225w, https:\/\/www.timiskamingchildcare.ca\/wp-content\/uploads\/2020\/11\/Image-2-1152x1536.jpeg 1152w, https:\/\/www.timiskamingchildcare.ca\/wp-content\/uploads\/2020\/11\/Image-2-1536x2048.jpeg 1536w, https:\/\/www.timiskamingchildcare.ca\/wp-content\/uploads\/2020\/11\/Image-2-scaled.jpeg 1920w\" sizes=\"auto, (max-width: 768px) 100vw, 768px\" \/><figcaption class=\"blocks-gallery-item__caption\">Nos amis s\u2019amusent \u00e0 faire des bricolages avec nos trousses d\u2019activit\u00e9s. Ceci fait maintenant partie de leur routine journali\u00e8re apr\u00e8s l\u2019\u00e9cole.<\/figcaption><\/figure><\/li><li class=\"blocks-gallery-item\"><figure><img loading=\"lazy\" decoding=\"async\" width=\"1024\" height=\"768\" src=\"http:\/\/timiskamingchildcare.ca\/wp-content\/uploads\/2020\/11\/Image-4-1024x768.jpeg\" alt=\"\" data-id=\"1079\" data-full-url=\"http:\/\/timiskamingchildcare.ca\/wp-content\/uploads\/2020\/11\/Image-4-scaled.jpeg\" data-link=\"http:\/\/timiskamingchildcare.ca\/fr\/image-4-2\/\" class=\"wp-image-1079\" srcset=\"https:\/\/www.timiskamingchildcare.ca\/wp-content\/uploads\/2020\/11\/Image-4-1024x768.jpeg 1024w, https:\/\/www.timiskamingchildcare.ca\/wp-content\/uploads\/2020\/11\/Image-4-300x225.jpeg 300w, https:\/\/www.timiskamingchildcare.ca\/wp-content\/uploads\/2020\/11\/Image-4-768x576.jpeg 768w, https:\/\/www.timiskamingchildcare.ca\/wp-content\/uploads\/2020\/11\/Image-4-1536x1152.jpeg 1536w, https:\/\/www.timiskamingchildcare.ca\/wp-content\/uploads\/2020\/11\/Image-4-2048x1536.jpeg 2048w\" sizes=\"auto, (max-width: 1024px) 100vw, 1024px\" \/><figcaption class=\"blocks-gallery-item__caption\">Elles ont trouv\u00e9 la bo\u00eete de geo-cachette!<\/figcaption><\/figure><\/li><li class=\"blocks-gallery-item\"><figure><img loading=\"lazy\" decoding=\"async\" width=\"768\" height=\"1024\" src=\"http:\/\/timiskamingchildcare.ca\/wp-content\/uploads\/2020\/11\/Image-3-768x1024.jpeg\" alt=\"\" data-id=\"1077\" data-full-url=\"http:\/\/timiskamingchildcare.ca\/wp-content\/uploads\/2020\/11\/Image-3.jpeg\" data-link=\"http:\/\/timiskamingchildcare.ca\/fr\/image-3-2\/\" class=\"wp-image-1077\" srcset=\"https:\/\/www.timiskamingchildcare.ca\/wp-content\/uploads\/2020\/11\/Image-3-768x1024.jpeg 768w, https:\/\/www.timiskamingchildcare.ca\/wp-content\/uploads\/2020\/11\/Image-3-225x300.jpeg 225w, https:\/\/www.timiskamingchildcare.ca\/wp-content\/uploads\/2020\/11\/Image-3-1152x1536.jpeg 1152w, https:\/\/www.timiskamingchildcare.ca\/wp-content\/uploads\/2020\/11\/Image-3.jpeg 1500w\" sizes=\"auto, (max-width: 768px) 100vw, 768px\" \/><figcaption class=\"blocks-gallery-item__caption\">En excursion au Club de ski Nordic pendant une activit\u00e9 en personne.<\/figcaption><\/figure><\/li><\/ul><\/figure>\n","protected":false},"excerpt":{"rendered":"<p>Les centres EarlyON ON y va Centre pour l\u2019enfant et la famille ont pour but d\u2019aider les enfants de 0&#8230;<\/p>\n","protected":false},"author":2,"featured_media":974,"parent":239,"menu_order":0,"comment_status":"closed","ping_status":"closed","template":"template-program.php","meta":{"_acf_changed":false,"footnotes":""},"class_list":["post-252","page","type-page","status-publish","has-post-thumbnail","hentry"],"acf":[],"_links":{"self":[{"href":"https:\/\/www.timiskamingchildcare.ca\/fr\/wp-json\/wp\/v2\/pages\/252","targetHints":{"allow":["GET"]}}],"collection":[{"href":"https:\/\/www.timiskamingchildcare.ca\/fr\/wp-json\/wp\/v2\/pages"}],"about":[{"href":"https:\/\/www.timiskamingchildcare.ca\/fr\/wp-json\/wp\/v2\/types\/page"}],"author":[{"embeddable":true,"href":"https:\/\/www.timiskamingchildcare.ca\/fr\/wp-json\/wp\/v2\/users\/2"}],"replies":[{"embeddable":true,"href":"https:\/\/www.timiskamingchildcare.ca\/fr\/wp-json\/wp\/v2\/comments?post=252"}],"version-history":[{"count":0,"href":"https:\/\/www.timiskamingchildcare.ca\/fr\/wp-json\/wp\/v2\/pages\/252\/revisions"}],"up":[{"embeddable":true,"href":"https:\/\/www.timiskamingchildcare.ca\/fr\/wp-json\/wp\/v2\/pages\/239"}],"wp:featuredmedia":[{"embeddable":true,"href":"https:\/\/www.timiskamingchildcare.ca\/fr\/wp-json\/wp\/v2\/media\/974"}],"wp:attachment":[{"href":"https:\/\/www.timiskamingchildcare.ca\/fr\/wp-json\/wp\/v2\/media?parent=252"}],"curies":[{"name":"wp","href":"https:\/\/api.w.org\/{rel}","templated":true}]}}