{"id":239,"date":"2020-07-27T16:00:18","date_gmt":"2020-07-27T20:00:18","guid":{"rendered":"http:\/\/timiskamingchildcare.ca\/?page_id=239"},"modified":"2022-05-02T13:11:45","modified_gmt":"2022-05-02T17:11:45","slug":"programmes","status":"publish","type":"page","link":"https:\/\/www.timiskamingchildcare.ca\/fr\/programmes\/","title":{"rendered":"Programmes"},"content":{"rendered":"\n<p class=\"has-text-align-center\">Notre objectif est d\u2019offrir des programmes qui aideront les parents, les pourvoyeurs de soins aux enfants et la communaut\u00e9 \u00e0 favoriser la croissance et le d\u00e9veloppement optimaux des enfants afin de leur donner un bon d\u00e9part dans la vie.<\/p>\n","protected":false},"excerpt":{"rendered":"<p>Notre objectif est d\u2019offrir des programmes qui aideront les parents, les pourvoyeurs de soins aux enfants et la communaut\u00e9 \u00e0&#8230;<\/p>\n","protected":false},"author":2,"featured_media":980,"parent":0,"menu_order":0,"comment_status":"closed","ping_status":"closed","template":"template-landing.php","meta":{"_acf_changed":false,"footnotes":""},"class_list":["post-239","page","type-page","status-publish","has-post-thumbnail","hentry"],"acf":[],"_links":{"self":[{"href":"https:\/\/www.timiskamingchildcare.ca\/fr\/wp-json\/wp\/v2\/pages\/239","targetHints":{"allow":["GET"]}}],"collection":[{"href":"https:\/\/www.timiskamingchildcare.ca\/fr\/wp-json\/wp\/v2\/pages"}],"about":[{"href":"https:\/\/www.timiskamingchildcare.ca\/fr\/wp-json\/wp\/v2\/types\/page"}],"author":[{"embeddable":true,"href":"https:\/\/www.timiskamingchildcare.ca\/fr\/wp-json\/wp\/v2\/users\/2"}],"replies":[{"embeddable":true,"href":"https:\/\/www.timiskamingchildcare.ca\/fr\/wp-json\/wp\/v2\/comments?post=239"}],"version-history":[{"count":0,"href":"https:\/\/www.timiskamingchildcare.ca\/fr\/wp-json\/wp\/v2\/pages\/239\/revisions"}],"wp:featuredmedia":[{"embeddable":true,"href":"https:\/\/www.timiskamingchildcare.ca\/fr\/wp-json\/wp\/v2\/media\/980"}],"wp:attachment":[{"href":"https:\/\/www.timiskamingchildcare.ca\/fr\/wp-json\/wp\/v2\/media?parent=239"}],"curies":[{"name":"wp","href":"https:\/\/api.w.org\/{rel}","templated":true}]}}