{"id":233,"date":"2020-07-27T11:51:29","date_gmt":"2020-07-27T15:51:29","guid":{"rendered":"http:\/\/timiskamingchildcare.ca\/about-us\/"},"modified":"2020-11-23T16:19:52","modified_gmt":"2020-11-23T21:19:52","slug":"qui-sommes-nous","status":"publish","type":"page","link":"https:\/\/www.timiskamingchildcare.ca\/fr\/qui-sommes-nous\/","title":{"rendered":"Qui sommes-nous"},"content":{"rendered":"\n<h3 class=\"wp-block-heading\">Vision<\/h3>\n\n\n\n<p>Un partenaire pr\u00e9cieux pour les familles qui soutiennent la croissance et le d\u00e9veloppement optimaux de leurs enfants.<\/p>\n\n\n\n<h3 class=\"wp-block-heading\">\u00c9nonc\u00e9 de mission<\/h3>\n\n\n\n<p>Le Centre pour enfants Timiskaming Child Care offre un environnement d\u2019apprentissage s\u00fbr et positif aux enfants et \u00e0 leurs familles, en respectant leurs diff\u00e9rences culturelles et linguistiques.<br><br>L\u2019objectif de l\u2019agence est de fournir des programmes et des services qui aideront les parents\/gardiens et la communaut\u00e9 \u00e0 promouvoir la croissance et le d\u00e9veloppement optimaux des enfants afin de leur donner un bon d\u00e9part dans la vie.<br><br>L\u2019agence offre des services tels que :<\/p>\n\n\n\n<ul class=\"wp-block-list\"><li>Librairie de jouets et ressources<\/li><li>Programmes de EarlyON ON y va Centre pour la famille et l\u2019enfant<\/li><li>Garde d\u2019enfants \u00e0 domicile agr\u00e9\u00e9<\/li><li>Services de garde en centre agr\u00e9\u00e9<\/li><li>Programme pour La pr\u00e9paration \u00e0 l\u2019\u00e9cole d\u2019apprentissage pr\u00e9scolaire<\/li><li>Programmes d\u2019Avant et apr\u00e8s l\u2019\u00e9cole<\/li><li>Location de salles de jeux pour les f\u00eates d\u2019enfants<\/li><li>Et beaucoup plus!<\/li><\/ul>\n\n\n\n<h3 class=\"wp-block-heading\">Principes directeurs<\/h3>\n\n\n\n<p>Dans le cadre de notre mandat, nous nous engageons collectivement \u00e0 respecter les principes suivants :<\/p>\n\n\n\n<ul class=\"wp-block-list\"><li>Nous valorisons et soutenons l\u2019expertise et les connaissances de nos enfants, de nos familles, de notre \u00e9quipe, de nos partenaires et de nos collaborateurs.<\/li><li>Nous visons l\u2019excellence dans tous nos services.<\/li><li>Nous sommes empathiques, confiants, respectueux et parents.<\/li><li>Nous offrons des communications souples, transparentes, accessibles et s\u00e9curitaires.<\/li><li>Nous favorisons le partage des responsabilit\u00e9s et du leadeurship.<\/li><li>Nous prenons des mesures concert\u00e9es, pertinentes et l\u00e9gitimes \u00e0 l\u2019appui d\u2019une vision commune.<\/li><li>Nous encourageons l\u2019apprentissage continuel pour tous.<\/li><li>Nous visons sur une culture de l\u2019innovation et la recherche de solutions.<\/li><li>Nous prenons des d\u00e9cisions fond\u00e9es sur des faits et des preuves.<\/li><li>Nous structurons activement et facilitons la collaboration.<\/li><\/ul>\n","protected":false},"excerpt":{"rendered":"<p>Vision Un partenaire pr\u00e9cieux pour les familles qui soutiennent la croissance et le d\u00e9veloppement optimaux de leurs enfants. \u00c9nonc\u00e9 de&#8230;<\/p>\n","protected":false},"author":2,"featured_media":982,"parent":0,"menu_order":0,"comment_status":"closed","ping_status":"closed","template":"","meta":{"_acf_changed":false,"footnotes":""},"class_list":["post-233","page","type-page","status-publish","has-post-thumbnail","hentry"],"acf":[],"_links":{"self":[{"href":"https:\/\/www.timiskamingchildcare.ca\/fr\/wp-json\/wp\/v2\/pages\/233","targetHints":{"allow":["GET"]}}],"collection":[{"href":"https:\/\/www.timiskamingchildcare.ca\/fr\/wp-json\/wp\/v2\/pages"}],"about":[{"href":"https:\/\/www.timiskamingchildcare.ca\/fr\/wp-json\/wp\/v2\/types\/page"}],"author":[{"embeddable":true,"href":"https:\/\/www.timiskamingchildcare.ca\/fr\/wp-json\/wp\/v2\/users\/2"}],"replies":[{"embeddable":true,"href":"https:\/\/www.timiskamingchildcare.ca\/fr\/wp-json\/wp\/v2\/comments?post=233"}],"version-history":[{"count":0,"href":"https:\/\/www.timiskamingchildcare.ca\/fr\/wp-json\/wp\/v2\/pages\/233\/revisions"}],"wp:featuredmedia":[{"embeddable":true,"href":"https:\/\/www.timiskamingchildcare.ca\/fr\/wp-json\/wp\/v2\/media\/982"}],"wp:attachment":[{"href":"https:\/\/www.timiskamingchildcare.ca\/fr\/wp-json\/wp\/v2\/media?parent=233"}],"curies":[{"name":"wp","href":"https:\/\/api.w.org\/{rel}","templated":true}]}}