{"id":1571,"date":"2022-05-02T13:02:39","date_gmt":"2022-05-02T17:02:39","guid":{"rendered":"https:\/\/www.timiskamingchildcare.ca\/?page_id=1571"},"modified":"2024-02-15T14:24:46","modified_gmt":"2024-02-15T19:24:46","slug":"liste-dattente-centralisee","status":"publish","type":"page","link":"https:\/\/www.timiskamingchildcare.ca\/fr\/liste-dattente-centralisee\/","title":{"rendered":"Centre pour enfants Timiskaming Child Care &#8211; Liste d\u2019attente centralis\u00e9e"},"content":{"rendered":"\n<h2 class=\"wp-block-heading\">*Cela ne s\u2019applique qu\u2019aux centres\/programmes exploit\u00e9s par notre agence.<\/h2>\n\n\n\n<h2 class=\"wp-block-heading\">Vous souhaitez vous inscrire \u00e0 un programme de garde d\u2019enfants agr\u00e9\u00e9 au sein de notre agence?<\/h2>\n\n\n\n<p>Toutes les familles de la r\u00e9gion du Timiskaming, Iroquois Falls et Temagami qui souhaitent s\u2019inscrire \u00e0 un programme de garde d\u2019enfants agr\u00e9\u00e9 doivent remplir un formulaire de demande en ligne sur la liste d\u2019attente du Centre pour enfants Timiskaming. <strong>Notre agence offre des programmes \u00e0 nos Centres de garde, La pr\u00e9paration \u00e0 l\u2019\u00e9cole d\u2019apprentissage pr\u00e9scolaire, Avant et apr\u00e8s l\u2019\u00e9cole et la Garde d\u2019enfants \u00e0 domicile.<\/strong><\/p>\n\n\n\n<p>Nos plus grands Centres de garde sont d\u00e9termin\u00e9s \u00e0 offrir aux enfants un environnement d\u2019apprentissage positif, engageant et s\u00e9curitaire, tandis que nos gardes d\u2019enfants \u00e0 domicile offrent une atmosph\u00e8re familiale stimulante et bienveillante. Nous offrons aussi La pr\u00e9paration \u00e0 l\u2019\u00e9cole d\u2019apprentissage pr\u00e9scolaire qui est pour pr\u00e9parer les enfants \u00e0 leur rentr\u00e9e \u00e0 l\u2019\u00e9cole. Notre lien d\u2019inscription \u00e9num\u00e8re tous les programmes disponibles.<\/p>\n\n\n\n<h2 class=\"wp-block-heading\">Remplissez votre demande d\u00e8s aujourd\u2019hui!<\/h2>\n\n\n\n<p>S\u00e9lectionnez les programmes qui r\u00e9pondent aux besoins de votre famille et remplissez la demande en ligne. Vous pouvez postuler pour autant d\u2019endroits que vous le souhaitez. Le ou les programmes de garde d\u2019enfants que vous s\u00e9lectionnez recevront un avis de la liste d\u2019attente centralis\u00e9e et ils communiqueront avec vous lorsqu\u2019un espace est disponible.<\/p>\n\n\n\n<p>Sur votre inscription, vous y trouverez des renseignements sur la subvention pour frais de garde d\u2019enfants et sur la fa\u00e7on de trouver des programmes de garde d\u2019enfants de qualit\u00e9 et les types de services de garde agr\u00e9\u00e9s disponibles pour r\u00e9pondre \u00e0 vos besoins.<\/p>\n\n\n\n<p>Si vous avez des questions au sujet de la liste d\u2019attente centralis\u00e9e, vous pouvez communiquer avec notre agence au finance@timiskamingchildcare.ca<\/p>\n\n\n\n<h3 class=\"wp-block-heading\"><a href=\"https:\/\/forms.office.com\/r\/QEu9EHWAHV\" target=\"_blank\" rel=\"noreferrer noopener\">Inscrivez-vous ici<\/a><\/h3>\n","protected":false},"excerpt":{"rendered":"<p>*Cela ne s\u2019applique qu\u2019aux centres\/programmes exploit\u00e9s par notre agence. Vous souhaitez vous inscrire \u00e0 un programme de garde d\u2019enfants agr\u00e9\u00e9&#8230;<\/p>\n","protected":false},"author":2,"featured_media":0,"parent":0,"menu_order":0,"comment_status":"closed","ping_status":"closed","template":"","meta":{"_acf_changed":false,"footnotes":""},"class_list":["post-1571","page","type-page","status-publish","hentry"],"acf":[],"_links":{"self":[{"href":"https:\/\/www.timiskamingchildcare.ca\/fr\/wp-json\/wp\/v2\/pages\/1571","targetHints":{"allow":["GET"]}}],"collection":[{"href":"https:\/\/www.timiskamingchildcare.ca\/fr\/wp-json\/wp\/v2\/pages"}],"about":[{"href":"https:\/\/www.timiskamingchildcare.ca\/fr\/wp-json\/wp\/v2\/types\/page"}],"author":[{"embeddable":true,"href":"https:\/\/www.timiskamingchildcare.ca\/fr\/wp-json\/wp\/v2\/users\/2"}],"replies":[{"embeddable":true,"href":"https:\/\/www.timiskamingchildcare.ca\/fr\/wp-json\/wp\/v2\/comments?post=1571"}],"version-history":[{"count":2,"href":"https:\/\/www.timiskamingchildcare.ca\/fr\/wp-json\/wp\/v2\/pages\/1571\/revisions"}],"predecessor-version":[{"id":1872,"href":"https:\/\/www.timiskamingchildcare.ca\/fr\/wp-json\/wp\/v2\/pages\/1571\/revisions\/1872"}],"wp:attachment":[{"href":"https:\/\/www.timiskamingchildcare.ca\/fr\/wp-json\/wp\/v2\/media?parent=1571"}],"curies":[{"name":"wp","href":"https:\/\/api.w.org\/{rel}","templated":true}]}}